{"id":85,"date":"2022-09-24T18:17:08","date_gmt":"2022-09-24T16:17:08","guid":{"rendered":"https:\/\/traiteurpascal.com\/?page_id=85"},"modified":"2025-02-05T15:24:46","modified_gmt":"2025-02-05T14:24:46","slug":"offre-speciale","status":"publish","type":"page","link":"https:\/\/traiteurpascal.com\/?page_id=85","title":{"rendered":"OFFRE SPECIALE"},"content":{"rendered":"\n<h1 class=\"wp-block-heading\"><strong>Concerne les personnes qui commandent&nbsp;leur repas du lundi au vendredi durant tout le mois.<\/strong><\/h1>\n\n\n<div class=\"wp-block-image\">\n<figure class=\"alignright size-thumbnail\"><img loading=\"lazy\" decoding=\"async\" width=\"150\" height=\"150\" src=\"https:\/\/traiteurpascal.com\/wp-content\/uploads\/2022\/09\/logotype-Traiteur-Pascal-final-150x150.png\" alt=\"\" class=\"wp-image-32\"\/><\/figure>\n<\/div>\n\n\n<p>Les 10 premi\u00e8res<strong> livraisons<\/strong> du mois en cours seront factur\u00e9es  18.00 frs, puis jusqu\u2019\u00e0 la fin du mois en cours vous ne paierez plus que 16.00 frs par <strong>livraison<\/strong>. (except\u00e9 pendant mes vacances durant les quelles vous b\u00e9n\u00e9ficiez de repas de remplacement)<\/p>\n\n\n\n<p>Exemple pour le mois de juin 2022:<\/p>\n\n\n\n<p>22 jours de livraisons<\/p>\n\n\n\n<p>22 repas \u00e0 18.00 = 396.00 frs<\/p>\n\n\n\n<p>Avec l\u2019offre:<\/p>\n\n\n\n<p>Vous payez pour les 10 premi\u00e8res livraisons 180,00 frs pour les 12 livraisons suivantes<\/p>\n\n\n\n<p>192.00 frs \u00e9gal <strong>372<\/strong><strong>,00 frs au lieu de 396,00 frs<\/strong><\/p>\n\n\n\n<p><strong>Soit une \u00e9conomie de 24 frs<\/strong><\/p>\n\n\n\n<p>N\u2019h\u00e9sitez pas \u00e0 me&nbsp;t\u00e9l\u00e9phoner pour de plus amples renseignements, au <strong>079 507 54 30<\/strong> ou par la page de contact<\/p>\n","protected":false},"excerpt":{"rendered":"<p>Concerne les personnes qui commandent&nbsp;leur repas du lundi au vendredi durant tout le mois. Les 10 premi\u00e8res livraisons du mois en cours seront factur\u00e9es 18.00 frs, puis jusqu\u2019\u00e0 la fin du mois en cours vous ne paierez plus que 16.00 frs par livraison. (except\u00e9 pendant mes vacances durant les quelles vous b\u00e9n\u00e9ficiez de repas de &hellip; <\/p>\n<p class=\"link-more\"><a href=\"https:\/\/traiteurpascal.com\/?page_id=85\" class=\"more-link\">Continuer la lecture<span class=\"screen-reader-text\"> de &laquo;&nbsp;OFFRE SPECIALE&nbsp;&raquo;<\/span><\/a><\/p>\n","protected":false},"author":1,"featured_media":163,"parent":0,"menu_order":0,"comment_status":"closed","ping_status":"closed","template":"","meta":{"footnotes":""},"class_list":["post-85","page","type-page","status-publish","has-post-thumbnail","hentry"],"_links":{"self":[{"href":"https:\/\/traiteurpascal.com\/index.php?rest_route=\/wp\/v2\/pages\/85","targetHints":{"allow":["GET"]}}],"collection":[{"href":"https:\/\/traiteurpascal.com\/index.php?rest_route=\/wp\/v2\/pages"}],"about":[{"href":"https:\/\/traiteurpascal.com\/index.php?rest_route=\/wp\/v2\/types\/page"}],"author":[{"embeddable":true,"href":"https:\/\/traiteurpascal.com\/index.php?rest_route=\/wp\/v2\/users\/1"}],"replies":[{"embeddable":true,"href":"https:\/\/traiteurpascal.com\/index.php?rest_route=%2Fwp%2Fv2%2Fcomments&post=85"}],"version-history":[{"count":3,"href":"https:\/\/traiteurpascal.com\/index.php?rest_route=\/wp\/v2\/pages\/85\/revisions"}],"predecessor-version":[{"id":461,"href":"https:\/\/traiteurpascal.com\/index.php?rest_route=\/wp\/v2\/pages\/85\/revisions\/461"}],"wp:featuredmedia":[{"embeddable":true,"href":"https:\/\/traiteurpascal.com\/index.php?rest_route=\/wp\/v2\/media\/163"}],"wp:attachment":[{"href":"https:\/\/traiteurpascal.com\/index.php?rest_route=%2Fwp%2Fv2%2Fmedia&parent=85"}],"curies":[{"name":"wp","href":"https:\/\/api.w.org\/{rel}","templated":true}]}}