{"id":74,"date":"2022-09-24T18:08:56","date_gmt":"2022-09-24T16:08:56","guid":{"rendered":"https:\/\/traiteurpascal.com\/?page_id=74"},"modified":"2025-02-06T11:18:59","modified_gmt":"2025-02-06T10:18:59","slug":"disponibilites","status":"publish","type":"page","link":"https:\/\/traiteurpascal.com\/?page_id=74","title":{"rendered":"Disponibilit\u00e9s"},"content":{"rendered":"\n<figure class=\"wp-block-image size-full is-resized\"><img loading=\"lazy\" decoding=\"async\" width=\"250\" height=\"250\" src=\"https:\/\/traiteurpascal.com\/wp-content\/uploads\/2022\/09\/cropped-cropped-logotype-Traiteur-Pascal-final.png\" alt=\"\" class=\"wp-image-443\" style=\"width:150px;height:auto\" srcset=\"https:\/\/traiteurpascal.com\/wp-content\/uploads\/2022\/09\/cropped-cropped-logotype-Traiteur-Pascal-final.png 250w, https:\/\/traiteurpascal.com\/wp-content\/uploads\/2022\/09\/cropped-cropped-logotype-Traiteur-Pascal-final-150x150.png 150w\" sizes=\"auto, (max-width: 250px) 100vw, 250px\" \/><\/figure>\n\n\n\n<p class=\"has-text-align-center has-medium-font-size\"><strong>Il ne m&rsquo;est pas toujours possible d&rsquo;honorer les commandes de repas imm\u00e9diatement. Volontiers je note vos coordonn\u00e9es et vous rappelle dans les meilleurs d\u00e9lais. Je vous donne rendez-vous rubrique contact du site ou par t\u00e9l\u00e9phone. <\/strong><\/p>\n\n\n\n<p class=\"has-text-align-center has-small-font-size\"><a href=\"https:\/\/traiteurpascal.com\/?page_id=112\" data-type=\"page\" data-id=\"112\">COMMANDER DES REPAS OU INSCRIPTION SUR LISTE D&rsquo;ATTENTE<\/a><\/p>\n","protected":false},"excerpt":{"rendered":"<p>Il ne m&rsquo;est pas toujours possible d&rsquo;honorer les commandes de repas imm\u00e9diatement. Volontiers je note vos coordonn\u00e9es et vous rappelle dans les meilleurs d\u00e9lais. Je vous donne rendez-vous rubrique contact du site ou par t\u00e9l\u00e9phone. COMMANDER DES REPAS OU INSCRIPTION SUR LISTE D&rsquo;ATTENTE<\/p>\n","protected":false},"author":1,"featured_media":474,"parent":0,"menu_order":0,"comment_status":"closed","ping_status":"closed","template":"","meta":{"footnotes":""},"class_list":["post-74","page","type-page","status-publish","has-post-thumbnail","hentry"],"_links":{"self":[{"href":"https:\/\/traiteurpascal.com\/index.php?rest_route=\/wp\/v2\/pages\/74","targetHints":{"allow":["GET"]}}],"collection":[{"href":"https:\/\/traiteurpascal.com\/index.php?rest_route=\/wp\/v2\/pages"}],"about":[{"href":"https:\/\/traiteurpascal.com\/index.php?rest_route=\/wp\/v2\/types\/page"}],"author":[{"embeddable":true,"href":"https:\/\/traiteurpascal.com\/index.php?rest_route=\/wp\/v2\/users\/1"}],"replies":[{"embeddable":true,"href":"https:\/\/traiteurpascal.com\/index.php?rest_route=%2Fwp%2Fv2%2Fcomments&post=74"}],"version-history":[{"count":15,"href":"https:\/\/traiteurpascal.com\/index.php?rest_route=\/wp\/v2\/pages\/74\/revisions"}],"predecessor-version":[{"id":496,"href":"https:\/\/traiteurpascal.com\/index.php?rest_route=\/wp\/v2\/pages\/74\/revisions\/496"}],"wp:featuredmedia":[{"embeddable":true,"href":"https:\/\/traiteurpascal.com\/index.php?rest_route=\/wp\/v2\/media\/474"}],"wp:attachment":[{"href":"https:\/\/traiteurpascal.com\/index.php?rest_route=%2Fwp%2Fv2%2Fmedia&parent=74"}],"curies":[{"name":"wp","href":"https:\/\/api.w.org\/{rel}","templated":true}]}}