{"id":43,"date":"2022-09-24T17:47:00","date_gmt":"2022-09-24T15:47:00","guid":{"rendered":"https:\/\/traiteurpascal.com\/?page_id=43"},"modified":"2025-02-04T14:34:24","modified_gmt":"2025-02-04T13:34:24","slug":"la-livraison","status":"publish","type":"page","link":"https:\/\/traiteurpascal.com\/?page_id=43","title":{"rendered":"Livraison"},"content":{"rendered":"\n<h2 class=\"wp-block-heading\"><a href=\"https:\/\/traiteurpascal.com\/wp-content\/uploads\/2022\/10\/flyer-repas-domicile.pdf\">IMPRIMER UN FLYER<\/a><\/h2>\n\n\n\n<figure class=\"wp-block-image size-medium is-resized is-style-rounded\"><img loading=\"lazy\" decoding=\"async\" src=\"https:\/\/traiteurpascal.com\/wp-content\/uploads\/2022\/09\/logotype-Traiteur-Pascal-final-300x225.png\" alt=\"\" class=\"wp-image-32\" width=\"225\" height=\"169\" srcset=\"https:\/\/traiteurpascal.com\/wp-content\/uploads\/2022\/09\/logotype-Traiteur-Pascal-final-300x225.png 300w, https:\/\/traiteurpascal.com\/wp-content\/uploads\/2022\/09\/logotype-Traiteur-Pascal-final-1024x767.png 1024w, https:\/\/traiteurpascal.com\/wp-content\/uploads\/2022\/09\/logotype-Traiteur-Pascal-final-768x575.png 768w, https:\/\/traiteurpascal.com\/wp-content\/uploads\/2022\/09\/logotype-Traiteur-Pascal-final-1536x1151.png 1536w, https:\/\/traiteurpascal.com\/wp-content\/uploads\/2022\/09\/logotype-Traiteur-Pascal-final-2048x1534.png 2048w, https:\/\/traiteurpascal.com\/wp-content\/uploads\/2022\/09\/logotype-Traiteur-Pascal-final-400x300.png 400w\" sizes=\"auto, (max-width: 225px) 100vw, 225px\" \/><\/figure>\n\n\n\n<p>Livraison d\u2019un menu individuel chaud comportant un potage, une entr\u00e9e, un plat de r\u00e9sistance et un dessert en container isotherme entre 10h et 12h au prix de 18,00 frs par personne (voir offre sp\u00e9ciale). Dans le container ferm\u00e9 les repas restent assez chauds pour \u00eatre mang\u00e9 jusqu\u2019\u00e0 environ 12h30 (si ce n\u2019est pas assez chaud pour vous ou si vous voulez manger plus tard, l\u2019assiette et le couvercle sont pr\u00e9vus pour\u00a0 le micro-onde, 1mn \u00e0 1mn30 devrait aller en laissant le couvercle). Les premi\u00e8res personnes livr\u00e9es ne sont donc pas oblig\u00e9es de manger d\u00e9s l\u2019arriv\u00e9e du repas. Les repas sont \u00e9quilibr\u00e9s et id\u00e9als pour manger un menu complet sur son lieu de travail ou pour toute personne dans l\u2019impossibilit\u00e9 de se cuisiner ou qui voudrait juste se faire plaisir.<\/p>\n\n\n\n<p><strong>Les livraisons se font du lundi au vendredi.<\/strong><\/p>\n\n\n\n<figure class=\"wp-block-image size-medium\"><img loading=\"lazy\" decoding=\"async\" width=\"300\" height=\"169\" src=\"https:\/\/traiteurpascal.com\/wp-content\/uploads\/2022\/09\/duster-livraison2-300x169.jpg\" alt=\"\" class=\"wp-image-150\" srcset=\"https:\/\/traiteurpascal.com\/wp-content\/uploads\/2022\/09\/duster-livraison2-300x169.jpg 300w, https:\/\/traiteurpascal.com\/wp-content\/uploads\/2022\/09\/duster-livraison2-1024x576.jpg 1024w, https:\/\/traiteurpascal.com\/wp-content\/uploads\/2022\/09\/duster-livraison2-768x432.jpg 768w, https:\/\/traiteurpascal.com\/wp-content\/uploads\/2022\/09\/duster-livraison2-1536x864.jpg 1536w, https:\/\/traiteurpascal.com\/wp-content\/uploads\/2022\/09\/duster-livraison2-2048x1152.jpg 2048w, https:\/\/traiteurpascal.com\/wp-content\/uploads\/2022\/09\/duster-livraison2-500x281.jpg 500w\" sizes=\"auto, (max-width: 300px) 100vw, 300px\" \/><\/figure>\n\n\n\n<hr class=\"wp-block-separator has-alpha-channel-opacity\"\/>\n\n\n\n<p class=\"has-text-align-center\">Commandes et annulations :<\/p>\n\n\n\n<p class=\"has-text-align-center\">Pour le lundi (jeudi avant 15h), pour le mardi (vendredi avant 15h), pour le mercredi (lundi avant 15h), pour le jeudi (mardi avant 15h), pour le vendredi (mercredi avant 15h). <\/p>\n\n\n\n<p class=\"has-text-align-center\">Ces d\u00e9lais me sont impos\u00e9s par mes fournisseurs, merci de votre compr\u00e9hension.<\/p>\n","protected":false},"excerpt":{"rendered":"<p>IMPRIMER UN FLYER Livraison d\u2019un menu individuel chaud comportant un potage, une entr\u00e9e, un plat de r\u00e9sistance et un dessert en container isotherme entre 10h et 12h au prix de 18,00 frs par personne (voir offre sp\u00e9ciale). Dans le container ferm\u00e9 les repas restent assez chauds pour \u00eatre mang\u00e9 jusqu\u2019\u00e0 environ 12h30 (si ce n\u2019est &hellip; <\/p>\n<p class=\"link-more\"><a href=\"https:\/\/traiteurpascal.com\/?page_id=43\" class=\"more-link\">Continuer la lecture<span class=\"screen-reader-text\"> de &laquo;&nbsp;Livraison&nbsp;&raquo;<\/span><\/a><\/p>\n","protected":false},"author":1,"featured_media":475,"parent":0,"menu_order":0,"comment_status":"closed","ping_status":"closed","template":"","meta":{"footnotes":""},"class_list":["post-43","page","type-page","status-publish","has-post-thumbnail","hentry"],"_links":{"self":[{"href":"https:\/\/traiteurpascal.com\/index.php?rest_route=\/wp\/v2\/pages\/43","targetHints":{"allow":["GET"]}}],"collection":[{"href":"https:\/\/traiteurpascal.com\/index.php?rest_route=\/wp\/v2\/pages"}],"about":[{"href":"https:\/\/traiteurpascal.com\/index.php?rest_route=\/wp\/v2\/types\/page"}],"author":[{"embeddable":true,"href":"https:\/\/traiteurpascal.com\/index.php?rest_route=\/wp\/v2\/users\/1"}],"replies":[{"embeddable":true,"href":"https:\/\/traiteurpascal.com\/index.php?rest_route=%2Fwp%2Fv2%2Fcomments&post=43"}],"version-history":[{"count":13,"href":"https:\/\/traiteurpascal.com\/index.php?rest_route=\/wp\/v2\/pages\/43\/revisions"}],"predecessor-version":[{"id":222,"href":"https:\/\/traiteurpascal.com\/index.php?rest_route=\/wp\/v2\/pages\/43\/revisions\/222"}],"wp:featuredmedia":[{"embeddable":true,"href":"https:\/\/traiteurpascal.com\/index.php?rest_route=\/wp\/v2\/media\/475"}],"wp:attachment":[{"href":"https:\/\/traiteurpascal.com\/index.php?rest_route=%2Fwp%2Fv2%2Fmedia&parent=43"}],"curies":[{"name":"wp","href":"https:\/\/api.w.org\/{rel}","templated":true}]}}