{"id":29,"date":"2022-09-24T17:00:13","date_gmt":"2022-09-24T15:00:13","guid":{"rendered":"https:\/\/traiteurpascal.com\/?page_id=29"},"modified":"2025-02-02T10:27:07","modified_gmt":"2025-02-02T09:27:07","slug":"29-2","status":"publish","type":"page","link":"https:\/\/traiteurpascal.com\/","title":{"rendered":"Soyez les bienvenus"},"content":{"rendered":"\n<h1 class=\"wp-block-heading has-text-align-center\"><strong>LIVRAISON DE REPAS CHAUDS DANS LE GRAND-VAL,                  MOUTIER ET PERREFITTE<\/strong><\/h1>\n\n\n\n<div class=\"wp-block-media-text alignwide is-stacked-on-mobile is-style-rounded\" style=\"grid-template-columns:36% auto\"><figure class=\"wp-block-media-text__media\"><img loading=\"lazy\" decoding=\"async\" width=\"300\" height=\"225\" src=\"https:\/\/traiteurpascal.com\/wp-content\/uploads\/2022\/09\/logotype-Traiteur-Pascal-final-300x225.png\" alt=\"\" class=\"wp-image-32 size-medium\" srcset=\"https:\/\/traiteurpascal.com\/wp-content\/uploads\/2022\/09\/logotype-Traiteur-Pascal-final-300x225.png 300w, https:\/\/traiteurpascal.com\/wp-content\/uploads\/2022\/09\/logotype-Traiteur-Pascal-final-1024x767.png 1024w, https:\/\/traiteurpascal.com\/wp-content\/uploads\/2022\/09\/logotype-Traiteur-Pascal-final-768x575.png 768w, https:\/\/traiteurpascal.com\/wp-content\/uploads\/2022\/09\/logotype-Traiteur-Pascal-final-1536x1151.png 1536w, https:\/\/traiteurpascal.com\/wp-content\/uploads\/2022\/09\/logotype-Traiteur-Pascal-final-2048x1534.png 2048w, https:\/\/traiteurpascal.com\/wp-content\/uploads\/2022\/09\/logotype-Traiteur-Pascal-final-400x300.png 400w\" sizes=\"auto, (max-width: 300px) 100vw, 300px\" \/><\/figure><div class=\"wp-block-media-text__content\">\n<p class=\"has-medium-font-size\"> <strong><em>La cuisine, c\u2019est quand les choses ont le go\u00fbt de ce qu\u2019elles sont.<\/em> <\/strong> <a rel=\"noreferrer noopener\" href=\"https:\/\/fr.wikipedia.org\/wiki\/Curnonsky\" target=\"_blank\">Curnonsky<\/a><\/p>\n<\/div><\/div>\n\n\n\n<p><strong>L&rsquo;id\u00e9e de faire plaisir depuis 2013<\/strong> et cuisinier depuis 40 ans en 2021, bas\u00e9 \u00e0 Grandval, je propose de la cuisine artisanale faite maison (dans la mesure du possible je ne travaille que des produits frais). J&rsquo;aime me fournir aupr\u00e8s du paysan directement. N&rsquo;h\u00e9sitez pas \u00e0 me contacter.<\/p>\n\n\n\n<p>En livraison \u00e0 domicile dans le Grand-Val, Moutier et Perrefitte, les repas arrivent chauds et pr\u00eats \u00e0 \u00eatre d\u00e9gust\u00e9s, dans de la vaisselle en porcelaine et en <a href=\"https:\/\/traiteurpascal.com\/wp-content\/uploads\/2022\/09\/monsystemedelivraison.pdf\">container isotherme individuel.<\/a><\/p>\n\n\n\n<p>Dans les diff\u00e9rentes rubriques de mon site vous trouverez des explications plus pr\u00e9cises au sujet de mes services, ainsi que des photos qui illustrent le tout. Je\u00a0serai heureux de r\u00e9pondre \u00e0 vos\u00a0questions par t\u00e9l\u00e9phone, whatsapp ou <a href=\"https:\/\/traiteurpascal.com\/?page_id=112\">mail<\/a>.<\/p>\n\n\n\n<p>Je vous souhaite une bonne visite et \u00e0 bient\u00f4t\u2026<\/p>\n\n\n\n<p>Pascal Paulus<\/p>\n","protected":false},"excerpt":{"rendered":"<p>LIVRAISON DE REPAS CHAUDS DANS LE GRAND-VAL, MOUTIER ET PERREFITTE La cuisine, c\u2019est quand les choses ont le go\u00fbt de ce qu\u2019elles sont. Curnonsky L&rsquo;id\u00e9e de faire plaisir depuis 2013 et cuisinier depuis 40 ans en 2021, bas\u00e9 \u00e0 Grandval, je propose de la cuisine artisanale faite maison (dans la mesure du possible je ne &hellip; <\/p>\n<p class=\"link-more\"><a href=\"https:\/\/traiteurpascal.com\/\" class=\"more-link\">Continuer la lecture<span class=\"screen-reader-text\"> de &laquo;&nbsp;Soyez les bienvenus&nbsp;&raquo;<\/span><\/a><\/p>\n","protected":false},"author":1,"featured_media":0,"parent":0,"menu_order":0,"comment_status":"closed","ping_status":"closed","template":"","meta":{"footnotes":""},"class_list":["post-29","page","type-page","status-publish","hentry"],"_links":{"self":[{"href":"https:\/\/traiteurpascal.com\/index.php?rest_route=\/wp\/v2\/pages\/29","targetHints":{"allow":["GET"]}}],"collection":[{"href":"https:\/\/traiteurpascal.com\/index.php?rest_route=\/wp\/v2\/pages"}],"about":[{"href":"https:\/\/traiteurpascal.com\/index.php?rest_route=\/wp\/v2\/types\/page"}],"author":[{"embeddable":true,"href":"https:\/\/traiteurpascal.com\/index.php?rest_route=\/wp\/v2\/users\/1"}],"replies":[{"embeddable":true,"href":"https:\/\/traiteurpascal.com\/index.php?rest_route=%2Fwp%2Fv2%2Fcomments&post=29"}],"version-history":[{"count":28,"href":"https:\/\/traiteurpascal.com\/index.php?rest_route=\/wp\/v2\/pages\/29\/revisions"}],"predecessor-version":[{"id":469,"href":"https:\/\/traiteurpascal.com\/index.php?rest_route=\/wp\/v2\/pages\/29\/revisions\/469"}],"wp:attachment":[{"href":"https:\/\/traiteurpascal.com\/index.php?rest_route=%2Fwp%2Fv2%2Fmedia&parent=29"}],"curies":[{"name":"wp","href":"https:\/\/api.w.org\/{rel}","templated":true}]}}